{"id":1172,"date":"2017-09-27T05:46:18","date_gmt":"2017-09-27T03:46:18","guid":{"rendered":"http:\/\/www.monzalecco.lombardia.cisl.it\/?page_id=1172"},"modified":"2024-09-09T12:36:16","modified_gmt":"2024-09-09T10:36:16","slug":"consumatori","status":"publish","type":"page","link":"https:\/\/www.monzalecco.lombardia.cisl.it\/?page_id=1172","title":{"rendered":"Consumatori (ADICONSUM)"},"content":{"rendered":"<p><img loading=\"lazy\" decoding=\"async\" class=\"alignnone wp-image-2518\" src=\"http:\/\/www.monzalecco.lombardia.cisl.it\/wp-content\/uploads\/2018\/06\/index-300x147.png\" alt=\"\" width=\"288\" height=\"141\" srcset=\"https:\/\/www.monzalecco.lombardia.cisl.it\/wp-content\/uploads\/2018\/06\/index-300x147.png 300w, https:\/\/www.monzalecco.lombardia.cisl.it\/wp-content\/uploads\/2018\/06\/index.png 321w\" sizes=\"auto, (max-width: 288px) 100vw, 288px\" \/><\/p>\n<p>L\u2019Adiconsum svolge attivit\u00e0 di tutela dei consumatori nei confronti di imprese e istituzioni nei seguenti settori: qualit\u00e0 e sicurezza dei prodotti, equit\u00e0 e trasparenza dei contratti di adesione, risparmio energetico e salvaguardia dell\u2019ambiente, servizi finanziari e assicurativi, alimentazione (lotta alle sofisticazioni ed educazione alimentare), prevenzione usura e sovraindebitamento, qualit\u00e0 e tariffe dei servizi pubblici, educazione dei cittadini al consumo consapevole, diritti del malato.<\/p>\n<p>Sito web <a href=\"http:\/\/www.adiconsum.it\" target=\"_blank\" rel=\"noopener noreferrer\">www.adiconsum.it<\/a><\/p>\n<p>Facebook <a href=\"https:\/\/it-it.facebook.com\/adiconsummonzabrianzalecco\/\" target=\"_blank\" rel=\"noopener noreferrer\">@adiconsummonzabrianzalecco<\/a><\/p>\n<p><span style=\"color: #ff0000;\"><span style=\"caret-color: #ff0000;\"><br \/>\n<strong>SPORTELLO INFORMATIVO GAS E LUCE: fine del mercato tutelato<\/strong><br \/>\n<span style=\"text-decoration: underline;\">A MONZA<\/span> il Luned\u00ec dalle 9.00 alle 12.30<br \/>\npresso la sede di Monza in via Dante Alighieri 17\/a<br \/>\nper info e appuntamenti: 039\/23991 adiconsum.brianza@cisl.it<br \/>\n<\/span><\/span><\/p>\n<p><span style=\"color: #ff0000;\"><span style=\"text-decoration: underline;\">A LECCO<\/span> il <span style=\"caret-color: #ff0000;\">Luned\u00ec dalle 14.00 alle 16.30<br \/>\npresso la sede di Lecco in Via Besonda, 11<br \/>\nper info e appuntamenti: 0341\/275555 adiconsum.brianza@cisl.it<br \/>\n<\/span><\/span><\/p>\n<p><strong>MONZA<\/strong><br \/>\nVia Dante, 17\/a &#8211; Monza (MB) (nuova sede dal 14\/11\/2023)<br \/>\nTel. 039\/2399260 &#8211; 039\/2399298 -299 Fax: 039\/2300756<br \/>\nMarted\u00ec 8.30 \u2013 12.30 e 14.00 &#8211; 16.00<br \/>\nGioved\u00ec 8.30 \u2013 12.30 e 14.00 &#8211; 16.00<br \/>\ne.mail: <a href=\"mailto:adiconsum.brianza@cisl.it\" target=\"_blank\" rel=\"noopener noreferrer\">adiconsum.brianza@cisl.it<\/a><\/p>\n<p><strong>LECCO<\/strong><br \/>\nVia Besonda, 11 &#8211; Lecco (LC)<br \/>\nTel. 0341\/275670 &#8211; 0341\/275556<br \/>\nMarted\u00ec 9.00-12.00<br \/>\nGioved\u00ec 14.30-17.30<br \/>\ne.mail: <a href=\"mailto:adiconsum.lecco@cisl.it\" target=\"_blank\" rel=\"noopener noreferrer\">adiconsum.lecco@cisl.it<\/a><\/p>\n<p><strong>BARZAN\u00d2<\/strong><br \/>\nVia Pirovano 42 &#8211; Barzan\u00f2 (LC)<br \/>\nTel.: 039\/956539 &#8211; Fax: 039\/956560<br \/>\nMarted\u00ec 15.00-18.00<br \/>\ne.mail: <a href=\"mailto:adiconsum.barzano@cisl.it\" target=\"_blank\" rel=\"noopener noreferrer\">adiconsum.barzano@cisl.it<\/a><\/p>\n<p><strong>CARATE BRIANZA<\/strong><br \/>\nPiazza IV Novembre, 9 Carate Brianza (MB)<br \/>\nTel. 039\/2399400<br \/>\nMarted\u00ec 9.00 \u2013 12.00<br \/>\ne.mail: <a href=\"mailto:adiconsum.brianza@cisl.it\" target=\"_blank\" rel=\"noopener noreferrer\">adiconsum.brianza@cisl.it<\/a><\/p>\n<p><strong>SEREGNO<\/strong><br \/>\nVia Sciesa, 11 &#8211; Seregno (MB)<br \/>\nTel.: 0362\/230080 &#8211; Fax: 039\/2399456<br \/>\nVenerd\u00ec dalle 9.00 alle 11.00<br \/>\ne.mail: <a href=\"mailto:adiconsum.brianza@cisl.it\" target=\"_blank\" rel=\"noopener noreferrer\">adiconsum.brianza@cisl.it<\/a><\/p>\n<p><strong>VIMERCATE<\/strong><br \/>\nVia I. Rota, 9 &#8211; Vimercate (MB)<br \/>\nTel.: 039\/6083383 &#8211; Fax: 039\/2399372<br \/>\nGioved\u00ec 14.30-17.30<br \/>\ne.mail: <a href=\"mailto:adiconsum.brianza@cisl.it\" target=\"_blank\" rel=\"noopener noreferrer\">adiconsum.brianza@cisl.it<\/a><\/p>\n","protected":false},"excerpt":{"rendered":"<p>L\u2019Adiconsum svolge attivit\u00e0 di tutela dei consumatori nei confronti di imprese e istituzioni nei seguenti settori: qualit\u00e0 e sicurezza dei prodotti, equit\u00e0 e trasparenza dei contratti di adesione, risparmio energetico e salvaguardia dell\u2019ambiente, servizi finanziari e assicurativi, alimentazione (lotta alle sofisticazioni ed educazione alimentare), prevenzione usura e sovraindebitamento, qualit\u00e0 e tariffe dei servizi pubblici, educazione [&hellip;]<\/p>\n","protected":false},"author":5,"featured_media":0,"parent":0,"menu_order":0,"comment_status":"closed","ping_status":"closed","template":"","meta":{"footnotes":""},"class_list":["post-1172","page","type-page","status-publish","czr-hentry"],"_links":{"self":[{"href":"https:\/\/www.monzalecco.lombardia.cisl.it\/index.php?rest_route=\/wp\/v2\/pages\/1172","targetHints":{"allow":["GET"]}}],"collection":[{"href":"https:\/\/www.monzalecco.lombardia.cisl.it\/index.php?rest_route=\/wp\/v2\/pages"}],"about":[{"href":"https:\/\/www.monzalecco.lombardia.cisl.it\/index.php?rest_route=\/wp\/v2\/types\/page"}],"author":[{"embeddable":true,"href":"https:\/\/www.monzalecco.lombardia.cisl.it\/index.php?rest_route=\/wp\/v2\/users\/5"}],"replies":[{"embeddable":true,"href":"https:\/\/www.monzalecco.lombardia.cisl.it\/index.php?rest_route=%2Fwp%2Fv2%2Fcomments&post=1172"}],"version-history":[{"count":29,"href":"https:\/\/www.monzalecco.lombardia.cisl.it\/index.php?rest_route=\/wp\/v2\/pages\/1172\/revisions"}],"predecessor-version":[{"id":16618,"href":"https:\/\/www.monzalecco.lombardia.cisl.it\/index.php?rest_route=\/wp\/v2\/pages\/1172\/revisions\/16618"}],"wp:attachment":[{"href":"https:\/\/www.monzalecco.lombardia.cisl.it\/index.php?rest_route=%2Fwp%2Fv2%2Fmedia&parent=1172"}],"curies":[{"name":"wp","href":"https:\/\/api.w.org\/{rel}","templated":true}]}}