{"id":1187,"date":"2017-09-27T05:53:26","date_gmt":"2017-09-27T03:53:26","guid":{"rendered":"http:\/\/www.monzalecco.lombardia.cisl.it\/?page_id=1187"},"modified":"2024-02-08T17:48:45","modified_gmt":"2024-02-08T16:48:45","slug":"pensionati","status":"publish","type":"page","link":"https:\/\/www.monzalecco.lombardia.cisl.it\/?page_id=1187","title":{"rendered":"Pensionati (FNP)"},"content":{"rendered":"<p><img loading=\"lazy\" decoding=\"async\" class=\"alignnone size-medium wp-image-2408\" src=\"http:\/\/www.monzalecco.lombardia.cisl.it\/wp-content\/uploads\/2018\/06\/Logo-Fnp-Monza-Brianza-Lecco-52x1-300x61.png\" alt=\"\" width=\"300\" height=\"61\" srcset=\"https:\/\/www.monzalecco.lombardia.cisl.it\/wp-content\/uploads\/2018\/06\/Logo-Fnp-Monza-Brianza-Lecco-52x1-300x61.png 300w, https:\/\/www.monzalecco.lombardia.cisl.it\/wp-content\/uploads\/2018\/06\/Logo-Fnp-Monza-Brianza-Lecco-52x1.png 621w\" sizes=\"auto, (max-width: 300px) 100vw, 300px\" \/><\/p>\n<p>La <strong>FNP (Federazione Nazionale Pensionati)<\/strong> \u00e8 il sindacato dei pensionati della Cisl. Oltre alla tutela sindacale, contrattuale e vertenziale nei confronti delle istituzioni locali (comuni, province, regioni, aziende sanitarie e dei trasporti etc.) offre un&#8217;ampia rete di servizi e di &#8220;segretariato sociale&#8221; in collaborazione con il Patronato di assistenza INAS, con le categorie dei lavoratori, con la CISL Territoriale e le associazioni di tutela promosse dalla CISL.<\/p>\n<p><a href=\"https:\/\/www.pensionaticisllombardia.it\/\" target=\"_blank\" rel=\"noopener noreferrer\">https:\/\/www.pensionaticisllombardia.it\/<\/a><\/p>\n<p><strong>Monza<\/strong><br \/>\nVia Dante 17\\A<br \/>\ntel 039.2399219 &#8211; fnp.brianza.lecco@cisl.it<br \/>\nTutti i giorni 9.00-12.30 e 14.30-17.30<br \/>\nE-mail: <a href=\"mailto:fnp.brianza.lecco@cisl.it\">fnp.brianza.lecco@cisl.it<\/a><br \/>\nPec\u00a0 <a href=\"mailto:fnpcislmzlc@pec.it\" target=\"_blank\" rel=\"noopener noreferrer\">fnpcislmzlc@pec.it<\/a><\/p>\n<p><strong>Lecco<\/strong><br \/>\nVia Besonda, 11<br \/>\n0341.275667 e 0341.275440<br \/>\nfnp.brianza.lecco@cisl.it<br \/>\nTutti i giorni 9.00-12.30 e 14.30-17.30<br \/>\nE-mail: <a href=\"mailto:fnp.brianza.lecco@cisl.it\">fnp.brianza.lecco@cisl.it<\/a><\/p>\n<p><strong>Agrate Brianza<\/strong><br \/>\nTel. 039.2399394<br \/>\nVia Matteotti, 87 &#8211; 20864 Agrate Brianza<br \/>\nOrari: marted\u00ec e gioved\u00ec 15.00-18.00<br \/>\nE-mail: <a href=\"mailto:fnpcisl.agrate@cisl.it\">fnpcisl.agrate@cisl.it<\/a><\/p>\n<p><strong>Arcore<\/strong><br \/>\nTel. 039.2399393<br \/>\nVia Umberto I\u00b0, 43 &#8211; 20862 Arcore<br \/>\nLuned\u00ec e Marted\u00ec ore 8.30-12.00 e 14.30-18.00<br \/>\nMercoled\u00ec, Gioved\u00ec e Venerd\u00ec ore 8.30-12.00<br \/>\nE-mail: <a href=\"mailto:fnpcisl.arcore@cisl.it\">fnpcisl.arcore@cisl.it<\/a><\/p>\n<p><strong>Besana In Brianza<\/strong><br \/>\nTel. 039.2399444<br \/>\nVia Santa Caterina, 6 &#8211; 20842 Besana in Brianza<br \/>\nOrari: mercoled\u00ec e\u00a0gioved\u00ec 8.30-11.30 &#8211; il 1\u00b0 e\u00a0 il 3\u00b0 marted\u00ec del mese ore 14.30 &#8211; 17.30<br \/>\nE-mail: <a href=\"mailto:fnpcisl.besana@cisl.it\">fnpcisl.besana@cisl.it<\/a><\/p>\n<p><strong>Biassono<\/strong><br \/>\nTel. 039.2399290<br \/>\nVia Verri, 13 &#8211; 20853 Biassono<br \/>\nOrari: luned\u00ec 14.30-17.30, marted\u00ec 10.00-12.00 e venerd\u00ec 8.30-12.00<br \/>\nE-mail: <a href=\"mailto:fnpcisl.biassono@cisl.it\">fnpcisl.biassono@cisl.it<\/a><\/p>\n<p><strong>Bovisio Masciago<\/strong><br \/>\nTel. 370.3027340<br \/>\nc\\o Centro Anziani Via Cant\u00f9, 1 \u2013 20813 Bovisio Masciago<br \/>\nOrari: mercoled\u00ec 9.30-12.00<\/p>\n<p><strong>Brugherio<\/strong><br \/>\nTel. 039.2399295<br \/>\nVia Italia, 62 &#8211; 20861 Brugherio<br \/>\nOrari: luned\u00ec, marted\u00ec, gioved\u00ec e venerd\u00ec 9.00-11.30<br \/>\nE-mail: <a href=\"mailto:fnpcisl.brugherio@cisl.it\">fnpcisl.brugherio@cisl.it<\/a><\/p>\n<p><strong>Busnago<\/strong><br \/>\nTel. 039.2399380 &#8211; 039.2399367<br \/>\nPiazza Marconi, 3 &#8211; 20874 Busnago<br \/>\ntutti i mercoled\u00ec dalle 10.00 alle 11.45<br \/>\nil 1\u00b0 e il 3\u00b0 luned\u00ec del mese dalle 15.00 alle 16.45<br \/>\nE:mail: <a href=\"mailto:fnpcisl.busnago@cisl.it\">fnpcisl.busnago@cisl.it<\/a><\/p>\n<p><strong>Carate Brianza<\/strong><br \/>\nTel. 039.2399402<br \/>\nP.zza IV Novembre, 9 &#8211; 20841 Carate Brianza<br \/>\nOrari:<br \/>\nluned\u00ec e mercoled\u00ec ore 9.00-12.00<br \/>\nmarted\u00ec, gioved\u00ec, venerd\u00ec ore 10.00-12.00<br \/>\ngioved\u00ec 14.00-18-00<br \/>\nE-mail: <a href=\"mailto:fnpcisl.carate@cisl.it\">fnpcisl.carate@cisl.it<\/a><\/p>\n<p><strong>Cesano Maderno<\/strong><br \/>\nTel. 039.2399550 e 0362.501501<br \/>\nVia Strada, 2\/b &#8211; 20811 Cesano Maderno<br \/>\ndal luned\u00ec al gioved\u00ec ore 9.00-12.00 e 14.00-18.00<br \/>\nvenerd\u00ec ore 9.00-12.00<br \/>\nE. Mail fnp.brianza.lecco@cisl.it<\/p>\n<p><strong>Cornate D\u2019Adda<\/strong><br \/>\nTel. 039.2399397<br \/>\nVia Volta, 31 &#8211; 20872 Cornate d\u2019Adda<br \/>\nOrari: luned\u00ec, mercoled\u00ec e gioved\u00ec 14.30-16.30<br \/>\nE-mail: <a href=\"mailto:fnpcisl.cornate@cisl.it\">fnpcisl.cornate@cisl.it<\/a><\/p>\n<p><strong>Desio<\/strong><br \/>\nTel. 039.2399500 e 0362.622024<br \/>\nVia Monsignor Cattaneo, 23 &#8211; 20832 Desio<br \/>\nOrari: luned\u00ec-venerd\u00ec 9.00-12.00<br \/>\nE-mail: <a href=\"mailto:fnpcisl.desio@cisl.it\">fnpcisl.desio@cisl.it<\/a><\/p>\n<p><strong>Giussano<\/strong><br \/>\nTel. 039.2399441<br \/>\nVia Alberto da Giussano, 35 &#8211; 20833 Giussano<br \/>\nOrari: marted\u00ec dalle 14.00 alle 18.00<br \/>\nE-mail: <a href=\"mailto:fnpcisl.giussano@cisl.it\">fnpcisl.giussano@cisl.it<\/a><\/p>\n<p><strong>Lentate Sul Seveso<\/strong><br \/>\nTel. 039.2399590<br \/>\nPizza S. Vito, 3 &#8211; 20823 Lentate sul Seveso<br \/>\nOrari: mercoled\u00ec e gioved\u00ec 9.00-12.00, venerd\u00ec 15.00-19.00<br \/>\nE-mail: <a href=\"mailto:fnpcisl.lentate@cisl.it\">fnpcisl.lentate@cisl.it<\/a><\/p>\n<p><strong>Lissone<\/strong><br \/>\nTel. 039.2399292<br \/>\nPiazza Cavour, 5 &#8211; 20851 Lissone<br \/>\nOrari: marted\u00ec e venerd\u00ec 8.30-12.30, marted\u00ec 14.00-17.00<br \/>\nE-mail: <a href=\"mailto:fnpcisl.lissone@cisl.it\">fnpcisl.lissone@cisl.it<\/a><\/p>\n<p><strong>Meda<\/strong><br \/>\nTel. 039-2399490<br \/>\nLargo San Giovanni, 6 &#8211; 20821 Meda<br \/>\nOrari: marted\u00ec 14.30-18.00 e gioved\u00ec 8.30-12.30<\/p>\n<p><strong>Monza San Fruttuoso<\/strong><br \/>\nTel. 039.2399294<br \/>\nVia Risorgimento, 22\\A &#8211; 20900 Monza<br \/>\nLuned\u00ec e Mercoled\u00ec dalle 9.00 alle 11.30<br \/>\nIl 1\u00b0 e 3\u00b0 mercoled\u00ec del mese dalle 14.00 alle 18.00 su appuntamento (tel. 039\/2399294): pratiche fiscali (ISEE, RED, etc&#8230;)<br \/>\nE-mail: <a href=\"mailto:pensionati.sanfruttuoso.monza@cisl.it\">pensionati.sanfruttuoso.monza@cisl.it<\/a><\/p>\n<p><strong>Muggi\u00f2<\/strong><br \/>\nTel. 039.2399540<br \/>\nVia san rocco, 34 &#8211; 20835 Muggi\u00f2<br \/>\nOrari: da luned\u00ec a venerd\u00ec 14.30-16.00<br \/>\nE-mail: <a href=\"mailto:fnpcisl.muggio@cisl.it\">fnpcisl.muggio@cisl.it<\/a><\/p>\n<p><strong>Seregno<\/strong><br \/>\nTel. 039.2399453<br \/>\nVia Sciesa, 11 &#8211; Seregno (MB)<br \/>\nOrari: da luned\u00ec a venerd\u00ec 9.00-11.00<\/p>\n<p><strong>Seveso<\/strong><br \/>\nTel. 039.2399591<br \/>\nVia San Martino, 27 &#8211; 20822 Seveso<br \/>\nOrari: da luned\u00ec a gioved\u00ec 9.30-11.30<br \/>\nmercoled\u00ec e venerd\u00ec 14.30-18.00<br \/>\nE-mail: <a href=\"mailto:fnpcisl.seveso@cisl.it\">fnpcisl.seveso@cisl.it<\/a><\/p>\n<p><strong>Veduggio con Colzano<\/strong><br \/>\nTel. 039.2399440<br \/>\nVia Sant\u2019Antonio, 6 &#8211; 20837 Veduggio con Colzano<br \/>\nOrari: marted\u00ec, gioved\u00ec 9.30-11.30<br \/>\nE-mail: <a href=\"mailto:fnpcisl.veduggio@cisl.it\">fnpcisl.veduggio@cisl.it<\/a><\/p>\n<p><strong>Villasanta<\/strong><br \/>\nTel. 039.2399289<br \/>\nPiazza Martiri di Belfiore &#8211; 20852 Villasanta<br \/>\nOrari: marted\u00ec 17.00-19.00, gioved\u00ec 9.00-12.00<br \/>\nE-mail: <a href=\"mailto:fnpcisl.villasanta@cisl.it\">fnpcisl.villasanta@cisl.it<\/a><\/p>\n<p><strong>Vimercate<\/strong><br \/>\nTel. 039.2399355 e 039.2399350<br \/>\nVia Rota, 9 &#8211; 20871 Vimercate<br \/>\nOrari: da luned\u00ec a venerd\u00ec 9.30-12.00<br \/>\nE-mail: <a href=\"mailto:fnpcisl.vimercate@cisl.it\">fnpcisl.vimercate@cisl.it<\/a><\/p>\n<p><strong>Barzan\u00f2<\/strong><br \/>\nTel. 039.956539<br \/>\nVia Pirovano, 42 &#8211; 23891 Barzan\u00f2<br \/>\nOrari apertura sportelli al pubblico:<br \/>\ndal luned\u00ec al Venerd\u00ec 9.00-12.00 e 15.00-18.00<br \/>\nE-mail: <a href=\"mailto:fnpbarzano@cisl.it\">fnpbarzano@cisl.it<\/a><\/p>\n<p><strong>Beverate<\/strong> (frazione di Brivio)<br \/>\nTel. 0392560499<br \/>\nvia San Simpliciano 11<br \/>\nBeverate, frazione di Brivio (Lc)<br \/>\nOrari apertura sportelli al pubblico:<br \/>\nluned\u00ec 8,30-12,30 -14,00-18,00<br \/>\nmarted\u00ec 15,30-17,00 e 16,00-17,00<br \/>\ngioved\u00ec 8,30-12,30<\/p>\n<p><strong>Calolziocorte<\/strong><br \/>\nTel. 0341.630033<br \/>\nCorso Europa, 11 &#8211; 23801 Calolziocorte<br \/>\nOrari apertura sportelli al pubblico:<br \/>\ndal luned\u00ec al venerd\u00ec ore 9.00-12.00 e 14.30-17.30<br \/>\nE-mail: <a href=\"mailto:fnpcalolzio@cisl.it\">fnpcalolzio@cisl.it<\/a><\/p>\n<p><strong>Colico<\/strong><br \/>\nTel. 0341.941855<br \/>\nVia Sacco, 27 &#8211; 23823 Colico<br \/>\nOrari apertura sportelli al pubblico:<br \/>\nda luned\u00ec a venerd\u00ec tutte le mattine dalle 9.00 alle 12.00<br \/>\nnei pomeriggi di marted\u00ec, gioved\u00ec e venerd\u00ec dalle 14.30 alle 16.30<br \/>\nEmail.<a href=\"mailto:fnp.colico@cisl.it\">fnp.colico@cisl.it<\/a><\/p>\n<p><strong>Costa Masnaga<\/strong><br \/>\nTel. 031.856525<br \/>\nVia Galileo Galilei, 1 &#8211; 223845 Costa Masnaga<br \/>\nOrari apertura sportelli al pubblico:<br \/>\ndal luned\u00ec al venerd\u00ec 9.00-12.00 e 15.00-18.00<br \/>\nE-mail: <a href=\"mailto:fnpcostamasnaga@cisl.it\">fnpcostamasnaga@cisl.it<\/a><\/p>\n<p><strong>Galbiate<\/strong><br \/>\nTel. 349.8838819<br \/>\nP.za Don Gnocchi, 6 presso Ca\u2019 della Russia &#8211; 23851 Galbiate<br \/>\nOrari apertura sportelli al pubblico:<br \/>\nluned\u00ec 10.00-11.30, marted\u00ec e mercoled\u00ec 9.00-11.30<\/p>\n<p><strong>Introbio<\/strong><br \/>\nTel. 0341.980508<br \/>\nPiazza Cavour, 3 &#8211; 23815 Introbio<br \/>\nNuova sede da ottobre 2018: P.za Cavour, 3 &#8211; 23815 Introbio<br \/>\nOrari apertura sportelli al pubblico:<br \/>\nluned\u00ec 14.00-18.00 &#8211; marted\u00ec 9.30-12.00 &#8211; venerd\u00ec 8.30-12.00<\/p>\n<p><strong>Mandello Del Lario<\/strong><br \/>\nTel. 0341.733453<br \/>\nVia Dante, 6 &#8211; 23826 Mandello del Lario<br \/>\nOrari apertura sportelli al pubblico:<br \/>\ndal luned\u00ec al venerd\u00ec 9.30-12.00<br \/>\napertura pomeridiana marted\u00ec e mercoled\u00ec 15.00-17.00<br \/>\nE-mail: <a href=\"mailto:fnpmandello@cisl.it\">fnpmandello@cisl.it<\/a><\/p>\n<p><strong>Merate<\/strong><br \/>\nTel. 039.9905239<br \/>\nVia De Gasperi 135 &#8211; 23807 Merate<br \/>\nOrari apertura sportelli al pubblico:<br \/>\ndal luned\u00ec al venerd\u00ec 9.00-12.00<br \/>\nE-mail: <a href=\"mailto:fnpmerate@cisl.it\">fnpmerate@cisl.it<\/a><\/p>\n<p><strong>Oggiono<\/strong><br \/>\nTel. 0341.576110<br \/>\nVia I\u00b0 Maggio, 4\/6 &#8211; 23848 Oggiono<br \/>\nOrari apertura sportelli al pubblico:<br \/>\ndal luned\u00ec al venerd\u00ec 9.00-12.00 e 15.00-18.30<br \/>\nE-mail: <a href=\"mailto:fnpoggiono@cisl.it\">fnpoggiono@cisl.it<\/a><\/p>\n<p><strong>Valmadrera<\/strong><br \/>\nTel. 0341.582602<br \/>\nVia San Rocco, 49 &#8211; 23868 Valmadrera<br \/>\nOrari apertura sportelli al pubblico:<br \/>\ndal luned\u00ec al venerd\u00ec 9.00-12.00<br \/>\napertura pomeridiana luned\u00ec e gioved\u00ec 14.30-18.30<br \/>\nE-mail: <a href=\"mailto:fnpvalmadrera@fnp.it\">fnpvalmadrera@fnp.it<\/a><\/p>\n<div id=\"wpgmza_map\" class=\"wpgmza_map\" data-settings='{\"id\":\"1\",\"map_title\":\"Cisl Monza Brianza Lecco\",\"map_width\":\"100\",\"map_height\":\"1000\",\"map_start_lat\":\"45.967206\",\"map_start_lng\":\"9.356929\",\"map_start_location\":\"45.96720599999998,9.356928626953156\",\"map_start_zoom\":\"10\",\"default_marker\":\"\\\/\\\/www.monzalecco.lombardia.cisl.it\\\/wp-content\\\/uploads\\\/2018\\\/06\\\/map-marker-icon.20x35.png\",\"type\":\"1\",\"alignment\":\"4\",\"directions_enabled\":\"0\",\"styling_enabled\":\"0\",\"styling_json\":\"\",\"active\":\"0\",\"kml\":\"\",\"bicycle\":\"0\",\"traffic\":\"0\",\"dbox\":\"1\",\"dbox_width\":\"100\",\"listmarkers\":\"0\",\"listmarkers_advanced\":\"0\",\"filterbycat\":\"1\",\"ugm_enabled\":\"0\",\"ugm_category_enabled\":\"0\",\"fusion\":\"\",\"map_width_type\":\"\\\\%\",\"map_height_type\":\"px\",\"mass_marker_support\":\"1\",\"ugm_access\":\"0\",\"order_markers_by\":\"2\",\"order_markers_choice\":\"1\",\"show_user_location\":\"2\",\"default_to\":\"\",\"other_settings\":{\"wpgmza_store_locator_restrict\":\"\",\"wpgmza_sl_animation\":\"1\",\"store_locator_query_string\":\"CAP \\\/ Indirizzo:\",\"store_locator_name_string\":\"Titolo \\\/ Descrizione:\",\"store_locator_default_address\":\"\",\"wpgmza_dbox_width_type\":\"%\",\"map_max_zoom\":\"3\",\"map_min_zoom\":\"21\",\"sl_stroke_color\":\"FF0000\",\"sl_stroke_opacity\":\"0.25\",\"sl_fill_color\":\"FF0000\",\"sl_fill_opacity\":\"0.15\",\"click_open_link\":1,\"transport_layer\":0,\"iw_primary_color\":\"2A3744\",\"iw_accent_color\":\"252F3A\",\"iw_text_color\":\"FFFFFF\",\"wpgmza_iw_type\":\"0\",\"list_markers_by\":\"0\",\"push_in_map\":\"\",\"push_in_map_placement\":\"9\",\"wpgmza_push_in_map_width\":\"\",\"wpgmza_push_in_map_height\":\"\",\"wpgmza_theme_data\":\"\",\"upload_default_ul_marker\":\"\",\"upload_default_sl_marker\":\"\",\"shortcodeAttributes\":{\"id\":\"1\",\"cat_id\":\"2001\"}}}' data-map-id='1' Data-maps-engine='' data-shortcode-attributes='{\"id\":\"1\",\"cat_id\":\"2015\"}' style=\"display:block; overflow:auto; width:100%; height:1000px; float:left;\"><\/div>\n","protected":false},"excerpt":{"rendered":"<p>La FNP (Federazione Nazionale Pensionati) \u00e8 il sindacato dei pensionati della Cisl. Oltre alla tutela sindacale, contrattuale e vertenziale nei confronti delle istituzioni locali (comuni, province, regioni, aziende sanitarie e dei trasporti etc.) offre un&#8217;ampia rete di servizi e di &#8220;segretariato sociale&#8221; in collaborazione con il Patronato di assistenza INAS, con le categorie dei lavoratori, [&hellip;]<\/p>\n","protected":false},"author":5,"featured_media":0,"parent":0,"menu_order":0,"comment_status":"closed","ping_status":"closed","template":"","meta":{"footnotes":""},"class_list":["post-1187","page","type-page","status-publish","czr-hentry"],"_links":{"self":[{"href":"https:\/\/www.monzalecco.lombardia.cisl.it\/index.php?rest_route=\/wp\/v2\/pages\/1187","targetHints":{"allow":["GET"]}}],"collection":[{"href":"https:\/\/www.monzalecco.lombardia.cisl.it\/index.php?rest_route=\/wp\/v2\/pages"}],"about":[{"href":"https:\/\/www.monzalecco.lombardia.cisl.it\/index.php?rest_route=\/wp\/v2\/types\/page"}],"author":[{"embeddable":true,"href":"https:\/\/www.monzalecco.lombardia.cisl.it\/index.php?rest_route=\/wp\/v2\/users\/5"}],"replies":[{"embeddable":true,"href":"https:\/\/www.monzalecco.lombardia.cisl.it\/index.php?rest_route=%2Fwp%2Fv2%2Fcomments&post=1187"}],"version-history":[{"count":72,"href":"https:\/\/www.monzalecco.lombardia.cisl.it\/index.php?rest_route=\/wp\/v2\/pages\/1187\/revisions"}],"predecessor-version":[{"id":15479,"href":"https:\/\/www.monzalecco.lombardia.cisl.it\/index.php?rest_route=\/wp\/v2\/pages\/1187\/revisions\/15479"}],"wp:attachment":[{"href":"https:\/\/www.monzalecco.lombardia.cisl.it\/index.php?rest_route=%2Fwp%2Fv2%2Fmedia&parent=1187"}],"curies":[{"name":"wp","href":"https:\/\/api.w.org\/{rel}","templated":true}]}}