{"id":1193,"date":"2017-09-27T05:55:16","date_gmt":"2017-09-27T03:55:16","guid":{"rendered":"http:\/\/www.monzalecco.lombardia.cisl.it\/?page_id=1193"},"modified":"2025-03-26T10:43:23","modified_gmt":"2025-03-26T09:43:23","slug":"scuola","status":"publish","type":"page","link":"https:\/\/www.monzalecco.lombardia.cisl.it\/?page_id=1193","title":{"rendered":"Scuola (CISL SCUOLA)"},"content":{"rendered":"<p><img loading=\"lazy\" decoding=\"async\" class=\"alignnone wp-image-2414\" src=\"http:\/\/www.monzalecco.lombardia.cisl.it\/wp-content\/uploads\/2018\/06\/logo-FSUR-300x128.png\" alt=\"\" width=\"260\" height=\"111\" srcset=\"https:\/\/www.monzalecco.lombardia.cisl.it\/wp-content\/uploads\/2018\/06\/logo-FSUR-300x128.png 300w, https:\/\/www.monzalecco.lombardia.cisl.it\/wp-content\/uploads\/2018\/06\/logo-FSUR-768x328.png 768w, https:\/\/www.monzalecco.lombardia.cisl.it\/wp-content\/uploads\/2018\/06\/logo-FSUR-1024x438.png 1024w, https:\/\/www.monzalecco.lombardia.cisl.it\/wp-content\/uploads\/2018\/06\/logo-FSUR.png 1153w\" sizes=\"auto, (max-width: 260px) 100vw, 260px\" \/><\/p>\n<p>La <strong>CISL SCUOLA<\/strong> \u00e8 la Federazione di categoria della Cisl alla quale aderiscono le lavoratrici e i lavoratori della scuola (statale e non statale) e della formazione professionale, sia il personale docente sia quello non docente (personale ATA).<\/p>\n<p>Pec\u00a0 <a href=\"mailto:cislscuolambl@pec.it\" target=\"_blank\" rel=\"noopener noreferrer\">cislscuolambl@pec.it<\/a><br \/>\nSITO WEB <a href=\"http:\/\/www.monzalecco.cislscuolalombardia.it\/\" target=\"_blank\" rel=\"noopener noreferrer\">http:\/\/www.monzalecco.cislscuolalombardia.it\/<\/a><\/p>\n<p><strong>MONZA<\/strong><br \/>\nvia Dante Alighieri, 17\/A<br \/>\nEmail <a href=\"mailto:cislscuola_monza@cisl.it\">cislscuola_monza@cisl.it<\/a><br \/>\nTel. 039\/2399234-237-242<br \/>\nRecapiti:<br \/>\n\u2022 LUNED\u00cc-MERCOLED\u00cc-VENERD\u00cc ore 15.00-18.00 (stato giuridico, ordinamenti, contratto, OO.MM.)<br \/>\n\u2022 un MARTED\u00cc al mese su appuntamento ore 16.30-18.30 (Fondo Espero)<\/p>\n<p>Solo su appuntamento: GIOVED\u00cc ore 15.00-18.00 (ricostruzione carriera, riscatti, ricongiunzione, pensione, buonuscita)<\/p>\n<p><strong>LECCO<\/strong><br \/>\nVia Besonda 11 23900 Lecco (LC)<br \/>\nEmail <a href=\"mailto:cislscuola_lecco@cisl.it\">cislscuola_lecco@cisl.it<\/a><br \/>\nTel. 0341\/275571<br \/>\nRecapiti:<br \/>\n\u2022 LUNED\u00cc, MARTED\u00cc, GIOVED\u00cc e VENERD\u00cc ore 14.30-16.30 per stato giuridico, ordinamenti, contratto, OO.MM.<br \/>\n\u2022 solo su appuntamento LUNED\u00ec per ricostruzione carriera, riscatti, ricongiunzione, pensione, buonuscita, trattamento economico<\/p>\n<p><strong>MERATE<\/strong><br \/>\nVia De Gasperi 135<br \/>\nTel. 039 9905239 Email <a href=\"mailto:cislscuola_lecco@cisl.it\">cislscuola_lecco@cisl.it<\/a><br \/>\nRecapiti: GIOVED\u00cc ore 15.00-17.00<br \/>\n(stato giuridico, ordinamenti, contratto, OO.MM.)<\/p>\n<p><strong>BRUGHERIO<\/strong><br \/>\nVia Italia 62<br \/>\nTel. 039-2399295 Email <a href=\"mailto:cislscuola_monza@cisl.it\">cislscuola_monza@cisl.it<\/a><br \/>\nRecapiti: GIOVED\u00cc ore 15.00-17.30<br \/>\n(stato giuridico, ordinamenti, contratto, OO.MM., trattamento economico ex ENAM-INPDAP)<\/p>\n<p><strong>CARATE BRIANZA<\/strong><br \/>\nPiazza IV Novembre, 9<br \/>\nTel. 0362-992365 Email <a href=\"mailto:cislscuola_monza@cisl.it\">cislscuola_monza@cisl.it<\/a><br \/>\nRecapiti: VENERD\u00cc ore 15.00-17.30<br \/>\n(stato giuridico, ordinamenti, contratto, OO.MM.)<\/p>\n<p><strong>CESANO MADERNO<\/strong><br \/>\nvia Strada, 2\/B<br \/>\nTel. 0362-501501 Email <a href=\"mailto:cislscuola_monza@cisl.it\">cislscuola_monza@cisl.it<\/a><br \/>\nRecapiti: MARTED\u00cc ore 15.00-17.30 (stato giuridico, ordinamenti, contratto, O.MM.)<br \/>\nServizio pensioni su appuntamento (chiamando 039\/2399237 il venerd\u00ec 9.30-12.30)<\/p>\n<p><strong>DESIO<\/strong><br \/>\nvia Mons. Cattaneo, 23<br \/>\nTel. 0362\/622024 Email <a href=\"mailto:cislscuola_monza@cisl.it\">cislscuola_monza@cisl.it<\/a><br \/>\nRecapiti: GIOVED\u00cc ore 15.00-17.30<br \/>\n(stato giuridico, ordinamenti, contratto, OO.MM.)<\/p>\n<p><strong>SEREGNO<\/strong><br \/>\nVia Sciesa, 11 &#8211; Seregno (MB)<br \/>\nTel. 0362-230080 Email <a href=\"mailto:cislscuola_monza@cisl.it\">cislscuola_monza@cisl.it<\/a><br \/>\nRecapiti: MERCOLED\u00cc ore 15.00-17.30<br \/>\n(stato giuridico, ordinamenti, contratto, OO.MM.)<\/p>\n<p><strong>VIMERCATE<\/strong><br \/>\nvia Rota, 9<br \/>\nTel. 039-6083383 Email <a href=\"mailto:cislscuola_monza@cisl.it\">cislscuola_monza@cisl.it<\/a><br \/>\nRecapiti: MARTED\u00cc ore 15.00-17.30 (stato giuridico, ordinamenti, contratto, OO.MM.)<br \/>\nsolo su appuntamento: LUNED\u00ec ore 15.00-18.00 (ricostruzione carriera, riscatti, ricongiunzione, pensione, buonuscita, trattamento economico)<\/p>\n<div id=\"wpgmza_map\" class=\"wpgmza_map\" data-settings='{\"id\":\"1\",\"map_title\":\"Cisl Monza Brianza Lecco\",\"map_width\":\"100\",\"map_height\":\"1000\",\"map_start_lat\":\"45.967206\",\"map_start_lng\":\"9.356929\",\"map_start_location\":\"45.96720599999998,9.356928626953156\",\"map_start_zoom\":\"10\",\"default_marker\":\"\\\/\\\/www.monzalecco.lombardia.cisl.it\\\/wp-content\\\/uploads\\\/2018\\\/06\\\/map-marker-icon.20x35.png\",\"type\":\"1\",\"alignment\":\"4\",\"directions_enabled\":\"0\",\"styling_enabled\":\"0\",\"styling_json\":\"\",\"active\":\"0\",\"kml\":\"\",\"bicycle\":\"0\",\"traffic\":\"0\",\"dbox\":\"1\",\"dbox_width\":\"100\",\"listmarkers\":\"0\",\"listmarkers_advanced\":\"0\",\"filterbycat\":\"1\",\"ugm_enabled\":\"0\",\"ugm_category_enabled\":\"0\",\"fusion\":\"\",\"map_width_type\":\"\\\\%\",\"map_height_type\":\"px\",\"mass_marker_support\":\"1\",\"ugm_access\":\"0\",\"order_markers_by\":\"2\",\"order_markers_choice\":\"1\",\"show_user_location\":\"2\",\"default_to\":\"\",\"other_settings\":{\"wpgmza_store_locator_restrict\":\"\",\"wpgmza_sl_animation\":\"1\",\"store_locator_query_string\":\"CAP \\\/ Indirizzo:\",\"store_locator_name_string\":\"Titolo \\\/ Descrizione:\",\"store_locator_default_address\":\"\",\"wpgmza_dbox_width_type\":\"%\",\"map_max_zoom\":\"3\",\"map_min_zoom\":\"21\",\"sl_stroke_color\":\"FF0000\",\"sl_stroke_opacity\":\"0.25\",\"sl_fill_color\":\"FF0000\",\"sl_fill_opacity\":\"0.15\",\"click_open_link\":1,\"transport_layer\":0,\"iw_primary_color\":\"2A3744\",\"iw_accent_color\":\"252F3A\",\"iw_text_color\":\"FFFFFF\",\"wpgmza_iw_type\":\"0\",\"list_markers_by\":\"0\",\"push_in_map\":\"\",\"push_in_map_placement\":\"9\",\"wpgmza_push_in_map_width\":\"\",\"wpgmza_push_in_map_height\":\"\",\"wpgmza_theme_data\":\"\",\"upload_default_ul_marker\":\"\",\"upload_default_sl_marker\":\"\",\"shortcodeAttributes\":{\"id\":\"1\",\"cat_id\":\"2001\"}}}' data-map-id='1' Data-maps-engine='' data-shortcode-attributes='{\"id\":\"1\",\"cat_id\":\"2018\"}' style=\"display:block; overflow:auto; width:100%; height:1000px; float:left;\"><\/div>\n","protected":false},"excerpt":{"rendered":"<p>La CISL SCUOLA \u00e8 la Federazione di categoria della Cisl alla quale aderiscono le lavoratrici e i lavoratori della scuola (statale e non statale) e della formazione professionale, sia il personale docente sia quello non docente (personale ATA). Pec\u00a0 cislscuolambl@pec.it SITO WEB http:\/\/www.monzalecco.cislscuolalombardia.it\/ MONZA via Dante Alighieri, 17\/A Email cislscuola_monza@cisl.it Tel. 039\/2399234-237-242 Recapiti: \u2022 LUNED\u00cc-MERCOLED\u00cc-VENERD\u00cc [&hellip;]<\/p>\n","protected":false},"author":5,"featured_media":0,"parent":0,"menu_order":0,"comment_status":"closed","ping_status":"closed","template":"","meta":{"footnotes":""},"class_list":["post-1193","page","type-page","status-publish","czr-hentry"],"_links":{"self":[{"href":"https:\/\/www.monzalecco.lombardia.cisl.it\/index.php?rest_route=\/wp\/v2\/pages\/1193","targetHints":{"allow":["GET"]}}],"collection":[{"href":"https:\/\/www.monzalecco.lombardia.cisl.it\/index.php?rest_route=\/wp\/v2\/pages"}],"about":[{"href":"https:\/\/www.monzalecco.lombardia.cisl.it\/index.php?rest_route=\/wp\/v2\/types\/page"}],"author":[{"embeddable":true,"href":"https:\/\/www.monzalecco.lombardia.cisl.it\/index.php?rest_route=\/wp\/v2\/users\/5"}],"replies":[{"embeddable":true,"href":"https:\/\/www.monzalecco.lombardia.cisl.it\/index.php?rest_route=%2Fwp%2Fv2%2Fcomments&post=1193"}],"version-history":[{"count":15,"href":"https:\/\/www.monzalecco.lombardia.cisl.it\/index.php?rest_route=\/wp\/v2\/pages\/1193\/revisions"}],"predecessor-version":[{"id":17992,"href":"https:\/\/www.monzalecco.lombardia.cisl.it\/index.php?rest_route=\/wp\/v2\/pages\/1193\/revisions\/17992"}],"wp:attachment":[{"href":"https:\/\/www.monzalecco.lombardia.cisl.it\/index.php?rest_route=%2Fwp%2Fv2%2Fmedia&parent=1193"}],"curies":[{"name":"wp","href":"https:\/\/api.w.org\/{rel}","templated":true}]}}