{"id":17137,"date":"2025-01-07T11:25:27","date_gmt":"2025-01-07T10:25:27","guid":{"rendered":"https:\/\/www.monzalecco.lombardia.cisl.it\/?page_id=17137"},"modified":"2026-04-03T11:57:01","modified_gmt":"2026-04-03T09:57:01","slug":"volantini-servizi","status":"publish","type":"page","link":"https:\/\/www.monzalecco.lombardia.cisl.it\/?page_id=17137","title":{"rendered":"I servizi CISL Monza Brianza Lecco"},"content":{"rendered":"\n<p class=\"has-medium-font-size\"><strong><mark style=\"background-color:#ffffff\" class=\"has-inline-color has-vivid-green-cyan-color\"><a href=\"https:\/\/www.cafcisl.it\" target=\"_blank\" rel=\"noreferrer noopener\">CAF SERVIZI FISCALI<\/a><\/mark><\/strong><\/p>\n\n\n\n<p><strong>Modello 730 &#8211; Modello Unico &#8211; ISEE &#8211; IMU &#8211; RED &#8211; Servizio colf e badanti &#8211; Successioni &#8211; Contenzioso fiscale<\/strong><\/p>\n\n\n\n<figure class=\"wp-block-image size-large\"><a href=\"https:\/\/www.monzalecco.lombardia.cisl.it\/wp-content\/uploads\/2026\/04\/volantino-CAF-DEF.jpg\" target=\"_blank\" rel=\" noreferrer noopener\"><img loading=\"lazy\" decoding=\"async\" width=\"1024\" height=\"724\" src=\"https:\/\/www.monzalecco.lombardia.cisl.it\/wp-content\/uploads\/2026\/04\/volantino-CAF-DEF-1024x724.jpg\" alt=\"\" class=\"wp-image-18925\" srcset=\"https:\/\/www.monzalecco.lombardia.cisl.it\/wp-content\/uploads\/2026\/04\/volantino-CAF-DEF-1024x724.jpg 1024w, https:\/\/www.monzalecco.lombardia.cisl.it\/wp-content\/uploads\/2026\/04\/volantino-CAF-DEF-300x212.jpg 300w, https:\/\/www.monzalecco.lombardia.cisl.it\/wp-content\/uploads\/2026\/04\/volantino-CAF-DEF-768x543.jpg 768w, https:\/\/www.monzalecco.lombardia.cisl.it\/wp-content\/uploads\/2026\/04\/volantino-CAF-DEF-1536x1086.jpg 1536w, https:\/\/www.monzalecco.lombardia.cisl.it\/wp-content\/uploads\/2026\/04\/volantino-CAF-DEF-2048x1448.jpg 2048w\" sizes=\"auto, (max-width: 1024px) 100vw, 1024px\" \/><\/a><\/figure>\n\n\n\n<hr class=\"wp-block-separator has-alpha-channel-opacity\"\/>\n\n\n\n<p class=\"has-medium-font-size\"><strong><a href=\"https:\/\/www.monzalecco.lombardia.cisl.it\/?page_id=1167\">PATRONATO INAS<\/a><\/strong><\/p>\n\n\n\n<p><strong>Pensioni &#8211; Reversibilit\u00e0 &#8211; Assegno Unico Universale &#8211; Assegno sociale &#8211; Naspi &#8211; Congedi parentali &#8211; Invalidit\u00e0 civile &#8211; Pensioni di inabilit\u00e0 &#8211; Permessi Legge 104 &#8211; Infortuni e malattie professionali<\/strong><\/p>\n\n\n\n<h2 class=\"wp-block-heading\">SEDI INAS della Provincia di Monza e Brianza:<\/h2>\n\n\n\n<p><strong>Tel. 039\/2746260<\/strong> (attivo dal luned\u00ec al venerd\u00ec ore 9.00 \u2013 12.00 e 14.00 \u2013 18.00)<br><strong>Email:<\/strong> <a href=\"mailto:monza@inas.it\"><strong>monza@inas.it<\/strong><\/a><\/p>\n\n\n\n<figure class=\"wp-block-image size-full is-resized\"><a href=\"https:\/\/www.monzalecco.lombardia.cisl.it\/wp-content\/uploads\/2026\/04\/biglietto-da-visita-inas-monza-stampato.jpg\" target=\"_blank\" rel=\" noreferrer noopener\"><img loading=\"lazy\" decoding=\"async\" width=\"650\" height=\"1004\" src=\"https:\/\/www.monzalecco.lombardia.cisl.it\/wp-content\/uploads\/2026\/04\/biglietto-da-visita-inas-monza-stampato.jpg\" alt=\"\" class=\"wp-image-18926\" style=\"aspect-ratio:0.6474124803457497;width:269px;height:auto\" srcset=\"https:\/\/www.monzalecco.lombardia.cisl.it\/wp-content\/uploads\/2026\/04\/biglietto-da-visita-inas-monza-stampato.jpg 650w, https:\/\/www.monzalecco.lombardia.cisl.it\/wp-content\/uploads\/2026\/04\/biglietto-da-visita-inas-monza-stampato-194x300.jpg 194w\" sizes=\"auto, (max-width: 650px) 100vw, 650px\" \/><\/a><\/figure>\n\n\n\n<h2 class=\"wp-block-heading\">SEDI INAS della Provincia di Lecco:<\/h2>\n\n\n\n<p><strong>Tel. 0341-287221<\/strong> (risponde dal luned\u00ec al venerd\u00ec ore 8.30-12.30 e 14.30-18.30)<br><strong>Email: <\/strong><a href=\"mailto:appuntamenti.lecco@inas.it\" target=\"_blank\" rel=\"noreferrer noopener\"><strong>appuntamenti.lecco@inas.it<\/strong><\/a><\/p>\n\n\n\n<figure class=\"wp-block-image size-full is-resized\"><a href=\"https:\/\/www.monzalecco.lombardia.cisl.it\/wp-content\/uploads\/2026\/04\/Biglietto-visita-inas-lecco.jpg\" target=\"_blank\" rel=\" noreferrer noopener\"><img loading=\"lazy\" decoding=\"async\" width=\"650\" height=\"1004\" src=\"https:\/\/www.monzalecco.lombardia.cisl.it\/wp-content\/uploads\/2026\/04\/Biglietto-visita-inas-lecco.jpg\" alt=\"\" class=\"wp-image-18931\" style=\"aspect-ratio:0.6474044069125664;width:273px;height:auto\" srcset=\"https:\/\/www.monzalecco.lombardia.cisl.it\/wp-content\/uploads\/2026\/04\/Biglietto-visita-inas-lecco.jpg 650w, https:\/\/www.monzalecco.lombardia.cisl.it\/wp-content\/uploads\/2026\/04\/Biglietto-visita-inas-lecco-194x300.jpg 194w\" sizes=\"auto, (max-width: 650px) 100vw, 650px\" \/><\/a><\/figure>\n\n\n\n<hr class=\"wp-block-separator has-alpha-channel-opacity\"\/>\n\n\n\n<p class=\"has-medium-font-size\"><a href=\"https:\/\/www.monzalecco.lombardia.cisl.it\/?page_id=1168\"><strong>UFFICIO VERTENZE<\/strong><\/a><\/p>\n\n\n\n<p><strong>Controllo buste paga e TFR &#8211; Impugnazione licenziamenti &#8211; Emersione lavoro nero &#8211; Comunicazione dimissioni volontarie &#8211; Recupero crediti da lavoro &#8211; Inadempienze contrattuali &#8211; Controversie disciplinari &#8211; Procedure concorsuali e fallimenti &#8211; Danno differenziale da infortunio sul lavoro &#8211; Mobbing e discriminazioni<\/strong><\/p>\n\n\n\n<figure class=\"wp-block-image size-large\"><a href=\"https:\/\/www.monzalecco.lombardia.cisl.it\/wp-content\/uploads\/2025\/01\/Volantino-ufficio-vertenze_Pagina_1-scaled.jpg\"><img loading=\"lazy\" decoding=\"async\" width=\"1024\" height=\"724\" src=\"https:\/\/www.monzalecco.lombardia.cisl.it\/wp-content\/uploads\/2025\/01\/Volantino-ufficio-vertenze_Pagina_1-1024x724.jpg\" alt=\"\" class=\"wp-image-17162\" srcset=\"https:\/\/www.monzalecco.lombardia.cisl.it\/wp-content\/uploads\/2025\/01\/Volantino-ufficio-vertenze_Pagina_1-1024x724.jpg 1024w, https:\/\/www.monzalecco.lombardia.cisl.it\/wp-content\/uploads\/2025\/01\/Volantino-ufficio-vertenze_Pagina_1-300x212.jpg 300w, https:\/\/www.monzalecco.lombardia.cisl.it\/wp-content\/uploads\/2025\/01\/Volantino-ufficio-vertenze_Pagina_1-768x543.jpg 768w, https:\/\/www.monzalecco.lombardia.cisl.it\/wp-content\/uploads\/2025\/01\/Volantino-ufficio-vertenze_Pagina_1-1536x1086.jpg 1536w, https:\/\/www.monzalecco.lombardia.cisl.it\/wp-content\/uploads\/2025\/01\/Volantino-ufficio-vertenze_Pagina_1-2048x1448.jpg 2048w\" sizes=\"auto, (max-width: 1024px) 100vw, 1024px\" \/><\/a><\/figure>\n\n\n\n<figure class=\"wp-block-image size-large\"><a href=\"https:\/\/www.monzalecco.lombardia.cisl.it\/wp-content\/uploads\/2025\/01\/Volantino-ufficio-vertenze_Pagina_2-1024x722.jpg\"><img loading=\"lazy\" decoding=\"async\" width=\"1024\" height=\"722\" src=\"https:\/\/www.monzalecco.lombardia.cisl.it\/wp-content\/uploads\/2025\/01\/Volantino-ufficio-vertenze_Pagina_2-1024x722.jpg\" alt=\"\" class=\"wp-image-17163\" srcset=\"https:\/\/www.monzalecco.lombardia.cisl.it\/wp-content\/uploads\/2025\/01\/Volantino-ufficio-vertenze_Pagina_2-1024x722.jpg 1024w, https:\/\/www.monzalecco.lombardia.cisl.it\/wp-content\/uploads\/2025\/01\/Volantino-ufficio-vertenze_Pagina_2-300x211.jpg 300w, https:\/\/www.monzalecco.lombardia.cisl.it\/wp-content\/uploads\/2025\/01\/Volantino-ufficio-vertenze_Pagina_2-768x541.jpg 768w, https:\/\/www.monzalecco.lombardia.cisl.it\/wp-content\/uploads\/2025\/01\/Volantino-ufficio-vertenze_Pagina_2-1536x1083.jpg 1536w, https:\/\/www.monzalecco.lombardia.cisl.it\/wp-content\/uploads\/2025\/01\/Volantino-ufficio-vertenze_Pagina_2-2048x1444.jpg 2048w\" sizes=\"auto, (max-width: 1024px) 100vw, 1024px\" \/><\/a><\/figure>\n\n\n\n<hr class=\"wp-block-separator has-alpha-channel-opacity\"\/>\n\n\n\n<p class=\"has-medium-font-size\"><strong><a href=\"https:\/\/www.monzalecco.lombardia.cisl.it\/?page_id=1174\">SPORTELLO ARTIGIANI &#8211; CISL ARTIGIANATO<\/a><\/strong><\/p>\n\n\n\n<p class=\"has-medium-font-size\"><strong>Tutela dei lavoratori delle imprese artigiane &#8211; Fondo FSBA &#8211; Provvidenze dei Fondi sociao-sanitari WILA, SAN.ARTI &#8211; ELBA &#8211; Salte e sicurezza<\/strong><\/p>\n\n\n\n<figure class=\"wp-block-image size-large\"><a href=\"https:\/\/www.monzalecco.lombardia.cisl.it\/wp-content\/uploads\/2026\/04\/PIEGHEVOLE-ARTIGIANATO-2026-def_Pagina_1-scaled.jpg\" target=\"_blank\" rel=\" noreferrer noopener\"><img loading=\"lazy\" decoding=\"async\" width=\"1024\" height=\"757\" src=\"https:\/\/www.monzalecco.lombardia.cisl.it\/wp-content\/uploads\/2026\/04\/PIEGHEVOLE-ARTIGIANATO-2026-def_Pagina_1-1024x757.jpg\" alt=\"\" class=\"wp-image-18915\" srcset=\"https:\/\/www.monzalecco.lombardia.cisl.it\/wp-content\/uploads\/2026\/04\/PIEGHEVOLE-ARTIGIANATO-2026-def_Pagina_1-1024x757.jpg 1024w, https:\/\/www.monzalecco.lombardia.cisl.it\/wp-content\/uploads\/2026\/04\/PIEGHEVOLE-ARTIGIANATO-2026-def_Pagina_1-300x222.jpg 300w, https:\/\/www.monzalecco.lombardia.cisl.it\/wp-content\/uploads\/2026\/04\/PIEGHEVOLE-ARTIGIANATO-2026-def_Pagina_1-768x568.jpg 768w, https:\/\/www.monzalecco.lombardia.cisl.it\/wp-content\/uploads\/2026\/04\/PIEGHEVOLE-ARTIGIANATO-2026-def_Pagina_1-1536x1136.jpg 1536w, https:\/\/www.monzalecco.lombardia.cisl.it\/wp-content\/uploads\/2026\/04\/PIEGHEVOLE-ARTIGIANATO-2026-def_Pagina_1-2048x1515.jpg 2048w\" sizes=\"auto, (max-width: 1024px) 100vw, 1024px\" \/><\/a><\/figure>\n\n\n\n<figure class=\"wp-block-image size-large\"><a href=\"https:\/\/www.monzalecco.lombardia.cisl.it\/wp-content\/uploads\/2026\/04\/PIEGHEVOLE-ARTIGIANATO-2026-def_Pagina_2.jpg\" target=\"_blank\" rel=\" noreferrer noopener\"><img loading=\"lazy\" decoding=\"async\" width=\"1024\" height=\"740\" src=\"https:\/\/www.monzalecco.lombardia.cisl.it\/wp-content\/uploads\/2026\/04\/PIEGHEVOLE-ARTIGIANATO-2026-def_Pagina_2-1024x740.jpg\" alt=\"\" class=\"wp-image-18916\" srcset=\"https:\/\/www.monzalecco.lombardia.cisl.it\/wp-content\/uploads\/2026\/04\/PIEGHEVOLE-ARTIGIANATO-2026-def_Pagina_2-1024x740.jpg 1024w, https:\/\/www.monzalecco.lombardia.cisl.it\/wp-content\/uploads\/2026\/04\/PIEGHEVOLE-ARTIGIANATO-2026-def_Pagina_2-300x217.jpg 300w, https:\/\/www.monzalecco.lombardia.cisl.it\/wp-content\/uploads\/2026\/04\/PIEGHEVOLE-ARTIGIANATO-2026-def_Pagina_2-768x555.jpg 768w, https:\/\/www.monzalecco.lombardia.cisl.it\/wp-content\/uploads\/2026\/04\/PIEGHEVOLE-ARTIGIANATO-2026-def_Pagina_2-1536x1111.jpg 1536w, https:\/\/www.monzalecco.lombardia.cisl.it\/wp-content\/uploads\/2026\/04\/PIEGHEVOLE-ARTIGIANATO-2026-def_Pagina_2-2048x1481.jpg 2048w\" sizes=\"auto, (max-width: 1024px) 100vw, 1024px\" \/><\/a><\/figure>\n\n\n\n<hr class=\"wp-block-separator has-alpha-channel-opacity\"\/>\n\n\n\n<p class=\"has-medium-font-size\"><strong><a href=\"https:\/\/www.monzalecco.lombardia.cisl.it\/?page_id=1173\">UFFICIO IMMIGRATI<\/a><\/strong><\/p>\n\n\n\n<p><strong>Permessi di soggiorno, ricongiungimenti famigliari, cittadinanza italiana, visti per l&#8217;Italia, promozione interculturale e sulle tematiche migratorie<\/strong><\/p>\n\n\n\n<figure class=\"wp-block-image size-large\"><a href=\"https:\/\/www.monzalecco.lombardia.cisl.it\/wp-content\/uploads\/2025\/01\/Volantino-ANOLF-scaled.jpg\"><img loading=\"lazy\" decoding=\"async\" width=\"1024\" height=\"723\" src=\"https:\/\/www.monzalecco.lombardia.cisl.it\/wp-content\/uploads\/2025\/01\/Volantino-ANOLF-1024x723.jpg\" alt=\"\" class=\"wp-image-17172\" srcset=\"https:\/\/www.monzalecco.lombardia.cisl.it\/wp-content\/uploads\/2025\/01\/Volantino-ANOLF-1024x723.jpg 1024w, https:\/\/www.monzalecco.lombardia.cisl.it\/wp-content\/uploads\/2025\/01\/Volantino-ANOLF-300x212.jpg 300w, https:\/\/www.monzalecco.lombardia.cisl.it\/wp-content\/uploads\/2025\/01\/Volantino-ANOLF-768x542.jpg 768w, https:\/\/www.monzalecco.lombardia.cisl.it\/wp-content\/uploads\/2025\/01\/Volantino-ANOLF-1536x1084.jpg 1536w, https:\/\/www.monzalecco.lombardia.cisl.it\/wp-content\/uploads\/2025\/01\/Volantino-ANOLF-2048x1446.jpg 2048w\" sizes=\"auto, (max-width: 1024px) 100vw, 1024px\" \/><\/a><\/figure>\n\n\n\n<hr class=\"wp-block-separator has-alpha-channel-opacity\"\/>\n\n\n\n<p class=\"has-medium-font-size\"><strong><a href=\"https:\/\/www.monzalecco.lombardia.cisl.it\/?page_id=2023\">SPORTELLO SOCIALE<\/a><\/strong><\/p>\n\n\n\n<p><strong>Ascolto, informazione, orientamento su: Servizi alla persona comunali o distrettuali &#8211; Agevolazioni per persone con disabilit\u00e0 &#8211; Buoni sociali nazionali, regionali, locali &#8211; Contributi per la genitorialit\u00e0 e la famiglia &#8211; Strutture residenziali e semiresidenziali &#8211; Servizi per la domiciliarit\u00e0 &#8211; Amministratore di sostegno &#8211; Agevolazioni trasporti &#8211; Esenzioni farmaci e prestazioni ambulatoriali &#8211; Orientamento ai servizi per assunzione assistenti familiari<\/strong><\/p>\n\n\n\n<figure class=\"wp-block-image size-large\"><img loading=\"lazy\" decoding=\"async\" width=\"731\" height=\"1024\" src=\"https:\/\/www.monzalecco.lombardia.cisl.it\/wp-content\/uploads\/2025\/12\/Locandina-sportello-sociale_nov25-731x1024.jpg\" alt=\"\" class=\"wp-image-18730\" srcset=\"https:\/\/www.monzalecco.lombardia.cisl.it\/wp-content\/uploads\/2025\/12\/Locandina-sportello-sociale_nov25-731x1024.jpg 731w, https:\/\/www.monzalecco.lombardia.cisl.it\/wp-content\/uploads\/2025\/12\/Locandina-sportello-sociale_nov25-214x300.jpg 214w, https:\/\/www.monzalecco.lombardia.cisl.it\/wp-content\/uploads\/2025\/12\/Locandina-sportello-sociale_nov25-768x1075.jpg 768w, https:\/\/www.monzalecco.lombardia.cisl.it\/wp-content\/uploads\/2025\/12\/Locandina-sportello-sociale_nov25-1097x1536.jpg 1097w, https:\/\/www.monzalecco.lombardia.cisl.it\/wp-content\/uploads\/2025\/12\/Locandina-sportello-sociale_nov25-1463x2048.jpg 1463w, https:\/\/www.monzalecco.lombardia.cisl.it\/wp-content\/uploads\/2025\/12\/Locandina-sportello-sociale_nov25-scaled.jpg 1829w\" sizes=\"auto, (max-width: 731px) 100vw, 731px\" \/><\/figure>\n\n\n\n<hr class=\"wp-block-separator has-alpha-channel-opacity\"\/>\n\n\n\n<p class=\"has-medium-font-size\"><strong>SPORTELLO SALUTE<\/strong><\/p>\n\n\n\n<p>Tutela del diritto alla cura: informazioni e assistenza sull\u2019accesso alle cure che il Servizio sanitario deve garantire ad ogni persona<\/p>\n\n\n\n<figure class=\"wp-block-image size-large\"><a href=\"https:\/\/www.monzalecco.lombardia.cisl.it\/wp-content\/uploads\/2025\/05\/Volantino-PuntoSalute-2025-scaled.jpg\"><img loading=\"lazy\" decoding=\"async\" width=\"722\" height=\"1024\" src=\"https:\/\/www.monzalecco.lombardia.cisl.it\/wp-content\/uploads\/2025\/05\/Volantino-PuntoSalute-2025-722x1024.jpg\" alt=\"\" class=\"wp-image-18303\" srcset=\"https:\/\/www.monzalecco.lombardia.cisl.it\/wp-content\/uploads\/2025\/05\/Volantino-PuntoSalute-2025-722x1024.jpg 722w, https:\/\/www.monzalecco.lombardia.cisl.it\/wp-content\/uploads\/2025\/05\/Volantino-PuntoSalute-2025-211x300.jpg 211w, https:\/\/www.monzalecco.lombardia.cisl.it\/wp-content\/uploads\/2025\/05\/Volantino-PuntoSalute-2025-768x1089.jpg 768w, https:\/\/www.monzalecco.lombardia.cisl.it\/wp-content\/uploads\/2025\/05\/Volantino-PuntoSalute-2025-1083x1536.jpg 1083w, https:\/\/www.monzalecco.lombardia.cisl.it\/wp-content\/uploads\/2025\/05\/Volantino-PuntoSalute-2025-1444x2048.jpg 1444w, https:\/\/www.monzalecco.lombardia.cisl.it\/wp-content\/uploads\/2025\/05\/Volantino-PuntoSalute-2025-scaled.jpg 1805w\" sizes=\"auto, (max-width: 722px) 100vw, 722px\" \/><\/a><\/figure>\n\n\n\n<hr class=\"wp-block-separator has-alpha-channel-opacity\"\/>\n\n\n\n<p class=\"has-medium-font-size\"><strong><a href=\"https:\/\/www.monzalecco.lombardia.cisl.it\/?page_id=2019\">SPORTELLO SALUTE E SICUREZZA<\/a><\/strong><\/p>\n\n\n\n<p>Supporto ai RLS al fine di ottenere maggiore ed adeguata sicurezza negli ambienti di lavoro &#8211; promozione della conoscenza, relazione, formazione ed informazione sui temi della sicurezza <\/p>\n\n\n\n<figure class=\"wp-block-image size-large\"><a href=\"https:\/\/www.monzalecco.lombardia.cisl.it\/wp-content\/uploads\/2025\/01\/Volantino-sportello-salute-sicurezza-a5-copia-scaled.jpg\"><img loading=\"lazy\" decoding=\"async\" width=\"726\" height=\"1024\" src=\"https:\/\/www.monzalecco.lombardia.cisl.it\/wp-content\/uploads\/2025\/01\/Volantino-sportello-salute-sicurezza-a5-copia-726x1024.jpg\" alt=\"\" class=\"wp-image-17193\" srcset=\"https:\/\/www.monzalecco.lombardia.cisl.it\/wp-content\/uploads\/2025\/01\/Volantino-sportello-salute-sicurezza-a5-copia-726x1024.jpg 726w, https:\/\/www.monzalecco.lombardia.cisl.it\/wp-content\/uploads\/2025\/01\/Volantino-sportello-salute-sicurezza-a5-copia-213x300.jpg 213w, https:\/\/www.monzalecco.lombardia.cisl.it\/wp-content\/uploads\/2025\/01\/Volantino-sportello-salute-sicurezza-a5-copia-768x1083.jpg 768w, https:\/\/www.monzalecco.lombardia.cisl.it\/wp-content\/uploads\/2025\/01\/Volantino-sportello-salute-sicurezza-a5-copia-1089x1536.jpg 1089w, https:\/\/www.monzalecco.lombardia.cisl.it\/wp-content\/uploads\/2025\/01\/Volantino-sportello-salute-sicurezza-a5-copia-1452x2048.jpg 1452w, https:\/\/www.monzalecco.lombardia.cisl.it\/wp-content\/uploads\/2025\/01\/Volantino-sportello-salute-sicurezza-a5-copia-scaled.jpg 1815w\" sizes=\"auto, (max-width: 726px) 100vw, 726px\" \/><\/a><\/figure>\n\n\n\n<hr class=\"wp-block-separator has-alpha-channel-opacity\"\/>\n\n\n\n<p><a href=\"https:\/\/www.monzalecco.lombardia.cisl.it\/?page_id=14770\">CONVENZIONI PER GLI ISCRITTI<\/a><\/p>\n\n\n\n<figure class=\"wp-block-image size-full\"><a href=\"https:\/\/www.monzalecco.lombardia.cisl.it\/?page_id=14770\"><img loading=\"lazy\" decoding=\"async\" width=\"905\" height=\"826\" src=\"https:\/\/www.monzalecco.lombardia.cisl.it\/wp-content\/uploads\/2025\/01\/icona-convenzioni.png\" alt=\"\" class=\"wp-image-17196\" srcset=\"https:\/\/www.monzalecco.lombardia.cisl.it\/wp-content\/uploads\/2025\/01\/icona-convenzioni.png 905w, https:\/\/www.monzalecco.lombardia.cisl.it\/wp-content\/uploads\/2025\/01\/icona-convenzioni-300x274.png 300w, https:\/\/www.monzalecco.lombardia.cisl.it\/wp-content\/uploads\/2025\/01\/icona-convenzioni-768x701.png 768w\" sizes=\"auto, (max-width: 905px) 100vw, 905px\" \/><\/a><\/figure>\n","protected":false},"excerpt":{"rendered":"<p>CAF SERVIZI FISCALI Modello 730 &#8211; Modello Unico &#8211; ISEE &#8211; IMU &#8211; RED &#8211; Servizio colf e badanti &#8211; Successioni &#8211; Contenzioso fiscale PATRONATO INAS Pensioni &#8211; Reversibilit\u00e0 &#8211; Assegno Unico Universale &#8211; Assegno sociale &#8211; Naspi &#8211; Congedi parentali &#8211; Invalidit\u00e0 civile &#8211; Pensioni di inabilit\u00e0 &#8211; Permessi Legge 104 &#8211; Infortuni e [&hellip;]<\/p>\n","protected":false},"author":5,"featured_media":0,"parent":0,"menu_order":0,"comment_status":"closed","ping_status":"closed","template":"","meta":{"footnotes":""},"class_list":["post-17137","page","type-page","status-publish","czr-hentry"],"_links":{"self":[{"href":"https:\/\/www.monzalecco.lombardia.cisl.it\/index.php?rest_route=\/wp\/v2\/pages\/17137","targetHints":{"allow":["GET"]}}],"collection":[{"href":"https:\/\/www.monzalecco.lombardia.cisl.it\/index.php?rest_route=\/wp\/v2\/pages"}],"about":[{"href":"https:\/\/www.monzalecco.lombardia.cisl.it\/index.php?rest_route=\/wp\/v2\/types\/page"}],"author":[{"embeddable":true,"href":"https:\/\/www.monzalecco.lombardia.cisl.it\/index.php?rest_route=\/wp\/v2\/users\/5"}],"replies":[{"embeddable":true,"href":"https:\/\/www.monzalecco.lombardia.cisl.it\/index.php?rest_route=%2Fwp%2Fv2%2Fcomments&post=17137"}],"version-history":[{"count":32,"href":"https:\/\/www.monzalecco.lombardia.cisl.it\/index.php?rest_route=\/wp\/v2\/pages\/17137\/revisions"}],"predecessor-version":[{"id":18932,"href":"https:\/\/www.monzalecco.lombardia.cisl.it\/index.php?rest_route=\/wp\/v2\/pages\/17137\/revisions\/18932"}],"wp:attachment":[{"href":"https:\/\/www.monzalecco.lombardia.cisl.it\/index.php?rest_route=%2Fwp%2Fv2%2Fmedia&parent=17137"}],"curies":[{"name":"wp","href":"https:\/\/api.w.org\/{rel}","templated":true}]}}