{"id":2025,"date":"2018-05-09T15:08:50","date_gmt":"2018-05-09T13:08:50","guid":{"rendered":"http:\/\/www.monzalecco.lombardia.cisl.it\/?page_id=2025"},"modified":"2026-04-20T17:50:03","modified_gmt":"2026-04-20T15:50:03","slug":"sportello-discriminazioni-e-molestie","status":"publish","type":"page","link":"https:\/\/www.monzalecco.lombardia.cisl.it\/?page_id=2025","title":{"rendered":"Sportello discriminazioni e molestie"},"content":{"rendered":"<p>Informazione, supporto e tutela nei casi di molestie sessuali e di discriminazioni complessivamente intese (di genere, razza, et\u00e0, orientamento sessuale, etc) nei luoghi di lavoro<br \/>\nLo sportello si avvale della consulenza di una avvocata giuslavorista esperta in materia e, quando necessario, di un\u2019avvocata penalista e di una psicologa.<\/p>\n<p>Si accede al centro attraverso l&#8217;UFFICIO VERTENZE della Cisl Monza Brianza Lecco.<\/p>\n<p><strong>MONZA<\/strong><br \/>\nvia Dante 17\/A &#8211; Tel. 039\/23991 \u2013 <a href=\"mailto:vertenze.monza@cisl.it\">vertenze.monza@cisl.it<\/a><br \/>\nOrari di apertura:<\/p>\n<p>Luned\u00ec, Marted\u00ec, Gioved\u00ec, Venerd\u00ec dalle 14.30 alle 18.30<br \/>\nGioved\u00ec e Sabato dalle 9.00 alle 12.00<\/p>\n<p><strong>LECCO<\/strong><br \/>\nVia Besonda Inferiore, 11<br \/>\nTel. 0341\/275566 &#8211; <a href=\"mailto:vertenze.lecco@cisl.it\" target=\"_blank\" rel=\"noopener\">vertenze.lecco@cisl.it<\/a><br \/>\nOrari di apertura:<br \/>\nLunedi e gioved\u00ec dalle 14,30 alle 18,00 &#8211; Marted\u00ec e venerd\u00ec dalle 09,00 alle 12,30<br \/>\nSabato dalle 09,00 alle 12.00 (tranne l\u2019ultimo sabato del mese)<\/p>\n<p><a href=\"http:\/\/www.monzalecco.lombardia.cisl.it\/wp-content\/uploads\/2018\/10\/discrim1.pdf\" target=\"_blank\" rel=\"noopener\">Scarica il volantino<\/a><\/p>\n<div id=\"wpgmza_map\" class=\"wpgmza_map\" data-settings='{\"id\":\"1\",\"map_title\":\"Cisl Monza Brianza Lecco\",\"map_width\":\"100\",\"map_height\":\"1000\",\"map_start_lat\":\"45.967206\",\"map_start_lng\":\"9.356929\",\"map_start_location\":\"45.96720599999998,9.356928626953156\",\"map_start_zoom\":\"10\",\"default_marker\":\"\\\/\\\/www.monzalecco.lombardia.cisl.it\\\/wp-content\\\/uploads\\\/2018\\\/06\\\/map-marker-icon.20x35.png\",\"type\":\"1\",\"alignment\":\"4\",\"directions_enabled\":\"0\",\"styling_enabled\":\"0\",\"styling_json\":\"\",\"active\":\"0\",\"kml\":\"\",\"bicycle\":\"0\",\"traffic\":\"0\",\"dbox\":\"1\",\"dbox_width\":\"100\",\"listmarkers\":\"0\",\"listmarkers_advanced\":\"0\",\"filterbycat\":\"1\",\"ugm_enabled\":\"0\",\"ugm_category_enabled\":\"0\",\"fusion\":\"\",\"map_width_type\":\"\\\\%\",\"map_height_type\":\"px\",\"mass_marker_support\":\"1\",\"ugm_access\":\"0\",\"order_markers_by\":\"2\",\"order_markers_choice\":\"1\",\"show_user_location\":\"2\",\"default_to\":\"\",\"other_settings\":{\"wpgmza_store_locator_restrict\":\"\",\"wpgmza_sl_animation\":\"1\",\"store_locator_query_string\":\"CAP \\\/ Indirizzo:\",\"store_locator_name_string\":\"Titolo \\\/ Descrizione:\",\"store_locator_default_address\":\"\",\"wpgmza_dbox_width_type\":\"%\",\"map_max_zoom\":\"3\",\"map_min_zoom\":\"21\",\"sl_stroke_color\":\"FF0000\",\"sl_stroke_opacity\":\"0.25\",\"sl_fill_color\":\"FF0000\",\"sl_fill_opacity\":\"0.15\",\"click_open_link\":1,\"transport_layer\":0,\"iw_primary_color\":\"2A3744\",\"iw_accent_color\":\"252F3A\",\"iw_text_color\":\"FFFFFF\",\"wpgmza_iw_type\":\"0\",\"list_markers_by\":\"0\",\"push_in_map\":\"\",\"push_in_map_placement\":\"9\",\"wpgmza_push_in_map_width\":\"\",\"wpgmza_push_in_map_height\":\"\",\"wpgmza_theme_data\":\"\",\"upload_default_ul_marker\":\"\",\"upload_default_sl_marker\":\"\",\"shortcodeAttributes\":{\"id\":\"1\",\"cat_id\":\"2001\"}}}' data-map-id='1' Data-maps-engine='' data-shortcode-attributes='{\"id\":\"1\",\"cat_id\":\"2035\",\"enable_directions\":\"1\"}' style=\"display:block; overflow:auto; width:100%; height:1000px; float:left;\"><\/div>\n","protected":false},"excerpt":{"rendered":"<p>Informazione, supporto e tutela nei casi di molestie sessuali e di discriminazioni complessivamente intese (di genere, razza, et\u00e0, orientamento sessuale, etc) nei luoghi di lavoro Lo sportello si avvale della consulenza di una avvocata giuslavorista esperta in materia e, quando necessario, di un\u2019avvocata penalista e di una psicologa. Si accede al centro attraverso l&#8217;UFFICIO VERTENZE [&hellip;]<\/p>\n","protected":false},"author":5,"featured_media":0,"parent":0,"menu_order":0,"comment_status":"closed","ping_status":"closed","template":"","meta":{"footnotes":""},"class_list":["post-2025","page","type-page","status-publish","czr-hentry"],"_links":{"self":[{"href":"https:\/\/www.monzalecco.lombardia.cisl.it\/index.php?rest_route=\/wp\/v2\/pages\/2025","targetHints":{"allow":["GET"]}}],"collection":[{"href":"https:\/\/www.monzalecco.lombardia.cisl.it\/index.php?rest_route=\/wp\/v2\/pages"}],"about":[{"href":"https:\/\/www.monzalecco.lombardia.cisl.it\/index.php?rest_route=\/wp\/v2\/types\/page"}],"author":[{"embeddable":true,"href":"https:\/\/www.monzalecco.lombardia.cisl.it\/index.php?rest_route=\/wp\/v2\/users\/5"}],"replies":[{"embeddable":true,"href":"https:\/\/www.monzalecco.lombardia.cisl.it\/index.php?rest_route=%2Fwp%2Fv2%2Fcomments&post=2025"}],"version-history":[{"count":11,"href":"https:\/\/www.monzalecco.lombardia.cisl.it\/index.php?rest_route=\/wp\/v2\/pages\/2025\/revisions"}],"predecessor-version":[{"id":18992,"href":"https:\/\/www.monzalecco.lombardia.cisl.it\/index.php?rest_route=\/wp\/v2\/pages\/2025\/revisions\/18992"}],"wp:attachment":[{"href":"https:\/\/www.monzalecco.lombardia.cisl.it\/index.php?rest_route=%2Fwp%2Fv2%2Fmedia&parent=2025"}],"curies":[{"name":"wp","href":"https:\/\/api.w.org\/{rel}","templated":true}]}}