{"id":5,"date":"2017-07-27T17:23:18","date_gmt":"2017-07-27T15:23:18","guid":{"rendered":"http:\/\/www.monzalecco.lombardia.cisl.it\/?page_id=5"},"modified":"2017-07-27T17:23:18","modified_gmt":"2017-07-27T15:23:18","slug":"cookie-policy","status":"publish","type":"page","link":"https:\/\/www.monzalecco.lombardia.cisl.it\/?page_id=5","title":{"rendered":"Cookie Policy"},"content":{"rendered":"<p>Questo sito utilizza cookies &#8211; piccoli file di testo che vengono depositati sul vostro computer per aiutare il sito a fornire una migliore esperienza utente. In generale, i cookie vengono utilizzati per mantenere le preferenze degli utenti, memorizzano le informazioni per cose come carrelli della spesa, e fornire dati di monitoraggio anonimi per applicazioni di terze parti come Google Analytics. Come regola generale, i cookie renderanno la vostra esperienza di navigazione migliore. Tuttavia, si pu\u00f2 scegliere di disabilitare i cookie su questo sito e su altri. Il modo pi\u00f9 efficace per farlo \u00e8 quello di disabilitare i cookie nel proprio browser. Si consiglia di consultare la sezione Guida del browser o di dare un&#8217;occhiata a <a href=\"http:\/\/www.aboutcookies.org\"> About Cookies sito <\/a>, che offre una guida per tutti i browser moderni<\/p>\n","protected":false},"excerpt":{"rendered":"<p>Questo sito utilizza cookies &#8211; piccoli file di testo che vengono depositati sul vostro computer per aiutare il sito a fornire una migliore esperienza utente. In generale, i cookie vengono utilizzati per mantenere le preferenze degli utenti, memorizzano le informazioni per cose come carrelli della spesa, e fornire dati di monitoraggio anonimi per applicazioni di [&hellip;]<\/p>\n","protected":false},"author":1,"featured_media":0,"parent":0,"menu_order":0,"comment_status":"closed","ping_status":"closed","template":"","meta":{"footnotes":""},"class_list":["post-5","page","type-page","status-publish","czr-hentry"],"_links":{"self":[{"href":"https:\/\/www.monzalecco.lombardia.cisl.it\/index.php?rest_route=\/wp\/v2\/pages\/5","targetHints":{"allow":["GET"]}}],"collection":[{"href":"https:\/\/www.monzalecco.lombardia.cisl.it\/index.php?rest_route=\/wp\/v2\/pages"}],"about":[{"href":"https:\/\/www.monzalecco.lombardia.cisl.it\/index.php?rest_route=\/wp\/v2\/types\/page"}],"author":[{"embeddable":true,"href":"https:\/\/www.monzalecco.lombardia.cisl.it\/index.php?rest_route=\/wp\/v2\/users\/1"}],"replies":[{"embeddable":true,"href":"https:\/\/www.monzalecco.lombardia.cisl.it\/index.php?rest_route=%2Fwp%2Fv2%2Fcomments&post=5"}],"version-history":[{"count":0,"href":"https:\/\/www.monzalecco.lombardia.cisl.it\/index.php?rest_route=\/wp\/v2\/pages\/5\/revisions"}],"wp:attachment":[{"href":"https:\/\/www.monzalecco.lombardia.cisl.it\/index.php?rest_route=%2Fwp%2Fv2%2Fmedia&parent=5"}],"curies":[{"name":"wp","href":"https:\/\/api.w.org\/{rel}","templated":true}]}}